{"id":2659,"date":"2024-12-29T17:55:37","date_gmt":"2024-12-29T16:55:37","guid":{"rendered":"https:\/\/ebba95.fr\/wp\/?page_id=2659"},"modified":"2025-12-27T19:03:10","modified_gmt":"2025-12-27T18:03:10","slug":"messages-2025","status":"publish","type":"page","link":"https:\/\/ebba95.fr\/wp\/messages-2025\/","title":{"rendered":"Messages 2025"},"content":{"rendered":"\t\t<div data-elementor-type=\"wp-page\" data-elementor-id=\"2659\" class=\"elementor elementor-2659\">\n\t\t\t\t\t\t<section class=\"elementor-section elementor-top-section elementor-element elementor-element-f283d97 elementor-section-boxed elementor-section-height-default elementor-section-height-default\" data-id=\"f283d97\" data-element_type=\"section\" data-e-type=\"section\">\n\t\t\t\t\t\t<div class=\"elementor-container elementor-column-gap-default\">\n\t\t\t\t\t<div class=\"elementor-column elementor-col-33 elementor-top-column elementor-element elementor-element-5c36fb7\" data-id=\"5c36fb7\" data-element_type=\"column\" data-e-type=\"column\">\n\t\t\t<div class=\"elementor-widget-wrap elementor-element-populated\">\n\t\t\t\t\t\t<div class=\"elementor-element elementor-element-259d523 elementor-widget elementor-widget-image\" data-id=\"259d523\" data-element_type=\"widget\" data-e-type=\"widget\" data-widget_type=\"image.default\">\n\t\t\t\t<div class=\"elementor-widget-container\">\n\t\t\t\t\t\t\t\t\t\t\t\t\t\t\t<img fetchpriority=\"high\" decoding=\"async\" width=\"1024\" height=\"702\" src=\"https:\/\/ebba95.fr\/wp\/wp-content\/uploads\/2024\/09\/mountain-peak-8289759_1280-1024x702.jpg\" class=\"attachment-large size-large wp-image-2496\" alt=\"\" srcset=\"https:\/\/ebba95.fr\/wp\/wp-content\/uploads\/2024\/09\/mountain-peak-8289759_1280-1024x702.jpg 1024w, https:\/\/ebba95.fr\/wp\/wp-content\/uploads\/2024\/09\/mountain-peak-8289759_1280-300x206.jpg 300w, https:\/\/ebba95.fr\/wp\/wp-content\/uploads\/2024\/09\/mountain-peak-8289759_1280-768x527.jpg 768w, https:\/\/ebba95.fr\/wp\/wp-content\/uploads\/2024\/09\/mountain-peak-8289759_1280.jpg 1280w\" sizes=\"(max-width: 1024px) 100vw, 1024px\" \/>\t\t\t\t\t\t\t\t\t\t\t\t\t\t\t<\/div>\n\t\t\t\t<\/div>\n\t\t\t\t<div class=\"elementor-element elementor-element-bf9fa21 elementor-widget elementor-widget-text-editor\" data-id=\"bf9fa21\" data-element_type=\"widget\" data-e-type=\"widget\" data-widget_type=\"text-editor.default\">\n\t\t\t\t<div class=\"elementor-widget-container\">\n\t\t\t\t\t\t\t\t\t<p>.<\/p>\t\t\t\t\t\t\t\t<\/div>\n\t\t\t\t<\/div>\n\t\t\t\t\t<\/div>\n\t\t<\/div>\n\t\t\t\t<div class=\"elementor-column elementor-col-66 elementor-top-column elementor-element elementor-element-265eaf2\" data-id=\"265eaf2\" data-element_type=\"column\" data-e-type=\"column\">\n\t\t\t<div class=\"elementor-widget-wrap elementor-element-populated\">\n\t\t\t\t\t\t<div class=\"elementor-element elementor-element-c4d3a2d elementor-widget elementor-widget-heading\" data-id=\"c4d3a2d\" data-element_type=\"widget\" data-e-type=\"widget\" data-widget_type=\"heading.default\">\n\t\t\t\t<div class=\"elementor-widget-container\">\n\t\t\t\t\t<h2 class=\"elementor-heading-title elementor-size-default\">Messages de la Parole de Dieu\n\n\n\n\n<\/h2>\t\t\t\t<\/div>\n\t\t\t\t<\/div>\n\t\t\t\t\t<\/div>\n\t\t<\/div>\n\t\t\t\t\t<\/div>\n\t\t<\/section>\n\t\t\t\t<section class=\"elementor-section elementor-top-section elementor-element elementor-element-29f3067 elementor-section-boxed elementor-section-height-default elementor-section-height-default\" data-id=\"29f3067\" data-element_type=\"section\" data-e-type=\"section\">\n\t\t\t\t\t\t<div class=\"elementor-container elementor-column-gap-default\">\n\t\t\t\t\t<div class=\"elementor-column elementor-col-100 elementor-top-column elementor-element elementor-element-f05d057\" data-id=\"f05d057\" data-element_type=\"column\" data-e-type=\"column\">\n\t\t\t<div class=\"elementor-widget-wrap\">\n\t\t\t\t\t\t\t<\/div>\n\t\t<\/div>\n\t\t\t\t\t<\/div>\n\t\t<\/section>\n\t\t\t\t<section class=\"elementor-section elementor-top-section elementor-element elementor-element-79a00e0 elementor-section-boxed elementor-section-height-default elementor-section-height-default\" data-id=\"79a00e0\" data-element_type=\"section\" data-e-type=\"section\">\n\t\t\t\t\t\t<div class=\"elementor-container elementor-column-gap-default\">\n\t\t\t\t\t<div class=\"elementor-column elementor-col-100 elementor-top-column elementor-element elementor-element-297d2f1\" data-id=\"297d2f1\" data-element_type=\"column\" data-e-type=\"column\">\n\t\t\t<div class=\"elementor-widget-wrap elementor-element-populated\">\n\t\t\t\t\t\t<div class=\"elementor-element elementor-element-a031bfc elementor-widget elementor-widget-text-editor\" data-id=\"a031bfc\" data-element_type=\"widget\" data-e-type=\"widget\" data-widget_type=\"text-editor.default\">\n\t\t\t\t<div class=\"elementor-widget-container\">\n\t\t\t\t\t\t\t\t\t<p>\u00a0<\/p><p>Pour une \u00e9glise en bonne sant\u00e9&#8230; DM.<\/p><audio class=\"wp-audio-shortcode\" id=\"audio-2659-1\" preload=\"none\" style=\"width: 100%;\" controls=\"controls\"><source type=\"audio\/mpeg\" src=\"https:\/\/ebba95.fr\/wp\/wp-content\/uploads\/2025\/01\/02-Une-eglise-en-bonne-sante.mp3?_=1\" \/><a href=\"https:\/\/ebba95.fr\/wp\/wp-content\/uploads\/2025\/01\/02-Une-eglise-en-bonne-sante.mp3\">https:\/\/ebba95.fr\/wp\/wp-content\/uploads\/2025\/01\/02-Une-eglise-en-bonne-sante.mp3<\/a><\/audio><p>\u00ab\u00a0Je suis le chemin, la v\u00e9rit\u00e9 et la vie..\u00a0\u00bb Jean 14,6&#8230; OA<\/p><audio class=\"wp-audio-shortcode\" id=\"audio-2659-2\" preload=\"none\" style=\"width: 100%;\" controls=\"controls\"><source type=\"audio\/mpeg\" src=\"https:\/\/ebba95.fr\/wp\/wp-content\/uploads\/2025\/01\/03-Le-chemin-la-verite-la-vie-Jean-14-v5.mp3?_=2\" \/><a href=\"https:\/\/ebba95.fr\/wp\/wp-content\/uploads\/2025\/01\/03-Le-chemin-la-verite-la-vie-Jean-14-v5.mp3\">https:\/\/ebba95.fr\/wp\/wp-content\/uploads\/2025\/01\/03-Le-chemin-la-verite-la-vie-Jean-14-v5.mp3<\/a><\/audio><p>Les 3 \u00a0attitudes de Pierre &#8230; RN<\/p><audio class=\"wp-audio-shortcode\" id=\"audio-2659-3\" preload=\"none\" style=\"width: 100%;\" controls=\"controls\"><source type=\"audio\/mpeg\" src=\"https:\/\/ebba95.fr\/wp\/wp-content\/uploads\/2025\/02\/04-Les-3-attitudes-de-Pierre-Luc-22-v54-62.mp3?_=3\" \/><a href=\"https:\/\/ebba95.fr\/wp\/wp-content\/uploads\/2025\/02\/04-Les-3-attitudes-de-Pierre-Luc-22-v54-62.mp3\">https:\/\/ebba95.fr\/wp\/wp-content\/uploads\/2025\/02\/04-Les-3-attitudes-de-Pierre-Luc-22-v54-62.mp3<\/a><\/audio><p>La Gr\u00e2ce de Dieu &#8230; OA\u00a0<\/p><audio class=\"wp-audio-shortcode\" id=\"audio-2659-4\" preload=\"none\" style=\"width: 100%;\" controls=\"controls\"><source type=\"audio\/mpeg\" src=\"https:\/\/ebba95.fr\/wp\/wp-content\/uploads\/2025\/02\/05-La-grace-de-Dieu.mp3?_=4\" \/><a href=\"https:\/\/ebba95.fr\/wp\/wp-content\/uploads\/2025\/02\/05-La-grace-de-Dieu.mp3\">https:\/\/ebba95.fr\/wp\/wp-content\/uploads\/2025\/02\/05-La-grace-de-Dieu.mp3<\/a><\/audio><p>Le minist\u00e8re de Dieu &#8230; JPE<\/p><audio class=\"wp-audio-shortcode\" id=\"audio-2659-5\" preload=\"none\" style=\"width: 100%;\" controls=\"controls\"><source type=\"audio\/mpeg\" src=\"https:\/\/ebba95.fr\/wp\/wp-content\/uploads\/2025\/02\/06-La-ministere-de-Dieu.mp3?_=5\" \/><a href=\"https:\/\/ebba95.fr\/wp\/wp-content\/uploads\/2025\/02\/06-La-ministere-de-Dieu.mp3\">https:\/\/ebba95.fr\/wp\/wp-content\/uploads\/2025\/02\/06-La-ministere-de-Dieu.mp3<\/a><\/audio><p>Geths\u00e9man\u00e9&#8230;OA<\/p><audio class=\"wp-audio-shortcode\" id=\"audio-2659-6\" preload=\"none\" style=\"width: 100%;\" controls=\"controls\"><source type=\"audio\/mpeg\" src=\"https:\/\/ebba95.fr\/wp\/wp-content\/uploads\/2025\/03\/11-Gethsemane-Matthieu-26-v37-46.mp3?_=6\" \/><a href=\"https:\/\/ebba95.fr\/wp\/wp-content\/uploads\/2025\/03\/11-Gethsemane-Matthieu-26-v37-46.mp3\">https:\/\/ebba95.fr\/wp\/wp-content\/uploads\/2025\/03\/11-Gethsemane-Matthieu-26-v37-46.mp3<\/a><\/audio><p>Les pieds dans la poussi\u00e8re et la t\u00eate dans le ciel&#8230; JLK \u00a0 \u00a0\u00a0<\/p><audio class=\"wp-audio-shortcode\" id=\"audio-2659-7\" preload=\"none\" style=\"width: 100%;\" controls=\"controls\"><source type=\"audio\/mpeg\" src=\"https:\/\/ebba95.fr\/wp\/wp-content\/uploads\/2025\/05\/17-Les-pieds-dans-la-poussiere-et-la-tete-dans-le-ciel.mp3?_=7\" \/><a href=\"https:\/\/ebba95.fr\/wp\/wp-content\/uploads\/2025\/05\/17-Les-pieds-dans-la-poussiere-et-la-tete-dans-le-ciel.mp3\">https:\/\/ebba95.fr\/wp\/wp-content\/uploads\/2025\/05\/17-Les-pieds-dans-la-poussiere-et-la-tete-dans-le-ciel.mp3<\/a><\/audio><p>Le bapt\u00eame du Saint Esprit&#8230;JLD<\/p><audio class=\"wp-audio-shortcode\" id=\"audio-2659-8\" preload=\"none\" style=\"width: 100%;\" controls=\"controls\"><source type=\"audio\/mpeg\" src=\"https:\/\/ebba95.fr\/wp\/wp-content\/uploads\/2025\/09\/26-Le-bapteme-du-Saint-Esprit.mp3?_=8\" \/><a href=\"https:\/\/ebba95.fr\/wp\/wp-content\/uploads\/2025\/09\/26-Le-bapteme-du-Saint-Esprit.mp3\">https:\/\/ebba95.fr\/wp\/wp-content\/uploads\/2025\/09\/26-Le-bapteme-du-Saint-Esprit.mp3<\/a><\/audio><p>Jonas, le proph\u00e8te des paradoxes&#8230;OA<\/p><audio class=\"wp-audio-shortcode\" id=\"audio-2659-9\" preload=\"none\" style=\"width: 100%;\" controls=\"controls\"><source type=\"audio\/mpeg\" src=\"https:\/\/ebba95.fr\/wp\/wp-content\/uploads\/2024\/09\/30-Jonas-le-prophete-des-paradoxes.mp3?_=9\" \/><a href=\"https:\/\/ebba95.fr\/wp\/wp-content\/uploads\/2024\/09\/30-Jonas-le-prophete-des-paradoxes.mp3\">https:\/\/ebba95.fr\/wp\/wp-content\/uploads\/2024\/09\/30-Jonas-le-prophete-des-paradoxes.mp3<\/a><\/audio><p>le combat spirituel&#8230;JPE<\/p><audio class=\"wp-audio-shortcode\" id=\"audio-2659-10\" preload=\"none\" style=\"width: 100%;\" controls=\"controls\"><source type=\"audio\/mpeg\" src=\"https:\/\/ebba95.fr\/wp\/wp-content\/uploads\/2025\/09\/22-Le-combat-spirituel-des-chretiens.mp3?_=10\" \/><a href=\"https:\/\/ebba95.fr\/wp\/wp-content\/uploads\/2025\/09\/22-Le-combat-spirituel-des-chretiens.mp3\">https:\/\/ebba95.fr\/wp\/wp-content\/uploads\/2025\/09\/22-Le-combat-spirituel-des-chretiens.mp3<\/a><\/audio><p>Etre serviteur de Dieu&#8230;Invit\u00e9<\/p><audio class=\"wp-audio-shortcode\" id=\"audio-2659-11\" preload=\"none\" style=\"width: 100%;\" controls=\"controls\"><source type=\"audio\/mpeg\" src=\"https:\/\/ebba95.fr\/wp\/wp-content\/uploads\/2025\/09\/20-Etre-serviteur-de-Dieu.mp3?_=11\" \/><a href=\"https:\/\/ebba95.fr\/wp\/wp-content\/uploads\/2025\/09\/20-Etre-serviteur-de-Dieu.mp3\">https:\/\/ebba95.fr\/wp\/wp-content\/uploads\/2025\/09\/20-Etre-serviteur-de-Dieu.mp3<\/a><\/audio><p>Vivre en vue de ce jour&#8230;JLKO<\/p><audio class=\"wp-audio-shortcode\" id=\"audio-2659-12\" preload=\"none\" style=\"width: 100%;\" controls=\"controls\"><source type=\"audio\/mpeg\" src=\"https:\/\/ebba95.fr\/wp\/wp-content\/uploads\/2025\/11\/45-Vivre-en-vue-de-ce-jour-2Co.5-v10.mp3?_=12\" \/><a href=\"https:\/\/ebba95.fr\/wp\/wp-content\/uploads\/2025\/11\/45-Vivre-en-vue-de-ce-jour-2Co.5-v10.mp3\">https:\/\/ebba95.fr\/wp\/wp-content\/uploads\/2025\/11\/45-Vivre-en-vue-de-ce-jour-2Co.5-v10.mp3<\/a><\/audio><p>C&rsquo;est l&rsquo;heure de vous r\u00e9veiller&#8230; EB<\/p><audio class=\"wp-audio-shortcode\" id=\"audio-2659-13\" preload=\"none\" style=\"width: 100%;\" controls=\"controls\"><source type=\"audio\/mpeg\" src=\"https:\/\/ebba95.fr\/wp\/wp-content\/uploads\/2025\/12\/45-Cest-lheure-enfin-de-vous-reveiller-Ro.13-v11-14.mp3?_=13\" \/><a href=\"https:\/\/ebba95.fr\/wp\/wp-content\/uploads\/2025\/12\/45-Cest-lheure-enfin-de-vous-reveiller-Ro.13-v11-14.mp3\">https:\/\/ebba95.fr\/wp\/wp-content\/uploads\/2025\/12\/45-Cest-lheure-enfin-de-vous-reveiller-Ro.13-v11-14.mp3<\/a><\/audio><p>La moisson est grande&#8230; SJ<\/p><audio class=\"wp-audio-shortcode\" id=\"audio-2659-14\" preload=\"none\" style=\"width: 100%;\" controls=\"controls\"><source type=\"audio\/mpeg\" src=\"https:\/\/ebba95.fr\/wp\/wp-content\/uploads\/2025\/12\/47-La-moisson-est-grande-mais-il-y-a-peu-douvriers.mp3?_=14\" \/><a href=\"https:\/\/ebba95.fr\/wp\/wp-content\/uploads\/2025\/12\/47-La-moisson-est-grande-mais-il-y-a-peu-douvriers.mp3\">https:\/\/ebba95.fr\/wp\/wp-content\/uploads\/2025\/12\/47-La-moisson-est-grande-mais-il-y-a-peu-douvriers.mp3<\/a><\/audio><p>Une vie chr\u00e9tienne devant le tribunal de Christ&#8230; JLKO<\/p><audio class=\"wp-audio-shortcode\" id=\"audio-2659-15\" preload=\"none\" style=\"width: 100%;\" controls=\"controls\"><source type=\"audio\/mpeg\" src=\"https:\/\/ebba95.fr\/wp\/wp-content\/uploads\/2025\/12\/48-A-quoi-ressemble-une-vie-qui-va-resister-au-tribunal-de-Christ-Act.4-v36-37.mp3?_=15\" \/><a href=\"https:\/\/ebba95.fr\/wp\/wp-content\/uploads\/2025\/12\/48-A-quoi-ressemble-une-vie-qui-va-resister-au-tribunal-de-Christ-Act.4-v36-37.mp3\">https:\/\/ebba95.fr\/wp\/wp-content\/uploads\/2025\/12\/48-A-quoi-ressemble-une-vie-qui-va-resister-au-tribunal-de-Christ-Act.4-v36-37.mp3<\/a><\/audio><p>Nos relations les uns avec les autres (Mat 5,21-24)&#8230; JLK<\/p><audio class=\"wp-audio-shortcode\" id=\"audio-2659-16\" preload=\"none\" style=\"width: 100%;\" controls=\"controls\"><source type=\"audio\/mpeg\" src=\"https:\/\/ebba95.fr\/wp\/wp-content\/uploads\/2025\/12\/50-Nos-relations-les-uns-avec-les-autres-Matt.5-v21-24.mp3?_=16\" \/><a href=\"https:\/\/ebba95.fr\/wp\/wp-content\/uploads\/2025\/12\/50-Nos-relations-les-uns-avec-les-autres-Matt.5-v21-24.mp3\">https:\/\/ebba95.fr\/wp\/wp-content\/uploads\/2025\/12\/50-Nos-relations-les-uns-avec-les-autres-Matt.5-v21-24.mp3<\/a><\/audio><p>Laissons Dieu changer nos projets (Mat 1,18-25)&#8230; JLK<\/p><audio class=\"wp-audio-shortcode\" id=\"audio-2659-17\" preload=\"none\" style=\"width: 100%;\" controls=\"controls\"><source type=\"audio\/mpeg\" src=\"https:\/\/ebba95.fr\/wp\/wp-content\/uploads\/2025\/12\/51-Matthieu-1-v18-25-Laisser-Dieu-changer-nos-projets.mp3?_=17\" \/><a href=\"https:\/\/ebba95.fr\/wp\/wp-content\/uploads\/2025\/12\/51-Matthieu-1-v18-25-Laisser-Dieu-changer-nos-projets.mp3\">https:\/\/ebba95.fr\/wp\/wp-content\/uploads\/2025\/12\/51-Matthieu-1-v18-25-Laisser-Dieu-changer-nos-projets.mp3<\/a><\/audio>\t\t\t\t\t\t\t\t<\/div>\n\t\t\t\t<\/div>\n\t\t\t\t\t<\/div>\n\t\t<\/div>\n\t\t\t\t\t<\/div>\n\t\t<\/section>\n\t\t\t\t<\/div>\n\t\t","protected":false},"excerpt":{"rendered":"<p>. Messages de la Parole de Dieu \u00a0 Pour une \u00e9glise en bonne sant\u00e9&#8230; DM. \u00ab\u00a0Je suis le chemin, la v\u00e9rit\u00e9 et la vie..\u00a0\u00bb Jean 14,6&#8230; OA Les 3 \u00a0attitudes de Pierre &#8230; RN La Gr\u00e2ce de Dieu &#8230; OA\u00a0 Le minist\u00e8re de Dieu &#8230; JPE Geths\u00e9man\u00e9&#8230;OA Les pieds dans la poussi\u00e8re et la t\u00eate [&hellip;]<\/p>\n","protected":false},"author":3,"featured_media":0,"parent":0,"menu_order":0,"comment_status":"closed","ping_status":"closed","template":"","meta":{"site-sidebar-layout":"no-sidebar","site-content-layout":"page-builder","ast-site-content-layout":"full-width-container","site-content-style":"unboxed","site-sidebar-style":"unboxed","ast-global-header-display":"","ast-banner-title-visibility":"","ast-main-header-display":"","ast-hfb-above-header-display":"","ast-hfb-below-header-display":"","ast-hfb-mobile-header-display":"","site-post-title":"disabled","ast-breadcrumbs-content":"","ast-featured-img":"disabled","footer-sml-layout":"","ast-disable-related-posts":"","theme-transparent-header-meta":"","adv-header-id-meta":"","stick-header-meta":"","header-above-stick-meta":"","header-main-stick-meta":"","header-below-stick-meta":"","astra-migrate-meta-layouts":"set","ast-page-background-enabled":"default","ast-page-background-meta":{"desktop":{"background-color":"var(--ast-global-color-4)","background-image":"","background-repeat":"repeat","background-position":"center center","background-size":"auto","background-attachment":"scroll","background-type":"","background-media":"","overlay-type":"","overlay-color":"","overlay-opacity":"","overlay-gradient":""},"tablet":{"background-color":"","background-image":"","background-repeat":"repeat","background-position":"center center","background-size":"auto","background-attachment":"scroll","background-type":"","background-media":"","overlay-type":"","overlay-color":"","overlay-opacity":"","overlay-gradient":""},"mobile":{"background-color":"","background-image":"","background-repeat":"repeat","background-position":"center center","background-size":"auto","background-attachment":"scroll","background-type":"","background-media":"","overlay-type":"","overlay-color":"","overlay-opacity":"","overlay-gradient":""}},"ast-content-background-meta":{"desktop":{"background-color":"var(--ast-global-color-5)","background-image":"","background-repeat":"repeat","background-position":"center center","background-size":"auto","background-attachment":"scroll","background-type":"","background-media":"","overlay-type":"","overlay-color":"","overlay-opacity":"","overlay-gradient":""},"tablet":{"background-color":"var(--ast-global-color-5)","background-image":"","background-repeat":"repeat","background-position":"center center","background-size":"auto","background-attachment":"scroll","background-type":"","background-media":"","overlay-type":"","overlay-color":"","overlay-opacity":"","overlay-gradient":""},"mobile":{"background-color":"var(--ast-global-color-5)","background-image":"","background-repeat":"repeat","background-position":"center center","background-size":"auto","background-attachment":"scroll","background-type":"","background-media":"","overlay-type":"","overlay-color":"","overlay-opacity":"","overlay-gradient":""}},"footnotes":""},"class_list":["post-2659","page","type-page","status-publish","hentry"],"yoast_head":"<!-- This site is optimized with the Yoast SEO plugin v27.5 - https:\/\/yoast.com\/product\/yoast-seo-wordpress\/ -->\n<title>Messages 2025 - EGLISE BIBLIQUE BAPTISTE D&#039;ARGENTEUIL<\/title>\n<meta name=\"robots\" content=\"index, follow, max-snippet:-1, max-image-preview:large, max-video-preview:-1\" \/>\n<link rel=\"canonical\" href=\"https:\/\/ebba95.fr\/wp\/messages-2025\/\" \/>\n<meta property=\"og:locale\" content=\"fr_FR\" \/>\n<meta property=\"og:type\" content=\"article\" \/>\n<meta property=\"og:title\" content=\"Messages 2025 - EGLISE BIBLIQUE BAPTISTE D&#039;ARGENTEUIL\" \/>\n<meta property=\"og:description\" content=\". Messages de la Parole de Dieu \u00a0 Pour une \u00e9glise en bonne sant\u00e9&#8230; DM. \u00ab\u00a0Je suis le chemin, la v\u00e9rit\u00e9 et la vie..\u00a0\u00bb Jean 14,6&#8230; OA Les 3 \u00a0attitudes de Pierre &#8230; RN La Gr\u00e2ce de Dieu &#8230; OA\u00a0 Le minist\u00e8re de Dieu &#8230; JPE Geths\u00e9man\u00e9&#8230;OA Les pieds dans la poussi\u00e8re et la t\u00eate [&hellip;]\" \/>\n<meta property=\"og:url\" content=\"https:\/\/ebba95.fr\/wp\/messages-2025\/\" \/>\n<meta property=\"og:site_name\" content=\"EGLISE BIBLIQUE BAPTISTE D&#039;ARGENTEUIL\" \/>\n<meta property=\"article:modified_time\" content=\"2025-12-27T18:03:10+00:00\" \/>\n<meta property=\"og:image\" content=\"https:\/\/ebba95.fr\/wp\/wp-content\/uploads\/2024\/09\/mountain-peak-8289759_1280.jpg\" \/>\n\t<meta property=\"og:image:width\" content=\"1280\" \/>\n\t<meta property=\"og:image:height\" content=\"878\" \/>\n\t<meta property=\"og:image:type\" content=\"image\/jpeg\" \/>\n<meta name=\"twitter:label1\" content=\"Dur\u00e9e de lecture estim\u00e9e\" \/>\n\t<meta name=\"twitter:data1\" content=\"1 minute\" \/>\n<script type=\"application\/ld+json\" class=\"yoast-schema-graph\">{\"@context\":\"https:\\\/\\\/schema.org\",\"@graph\":[{\"@type\":\"WebPage\",\"@id\":\"https:\\\/\\\/ebba95.fr\\\/wp\\\/messages-2025\\\/\",\"url\":\"https:\\\/\\\/ebba95.fr\\\/wp\\\/messages-2025\\\/\",\"name\":\"Messages 2025 - EGLISE BIBLIQUE BAPTISTE D&#039;ARGENTEUIL\",\"isPartOf\":{\"@id\":\"https:\\\/\\\/ebba95.fr\\\/wp\\\/#website\"},\"primaryImageOfPage\":{\"@id\":\"https:\\\/\\\/ebba95.fr\\\/wp\\\/messages-2025\\\/#primaryimage\"},\"image\":{\"@id\":\"https:\\\/\\\/ebba95.fr\\\/wp\\\/messages-2025\\\/#primaryimage\"},\"thumbnailUrl\":\"https:\\\/\\\/ebba95.fr\\\/wp\\\/wp-content\\\/uploads\\\/2024\\\/09\\\/mountain-peak-8289759_1280-1024x702.jpg\",\"datePublished\":\"2024-12-29T16:55:37+00:00\",\"dateModified\":\"2025-12-27T18:03:10+00:00\",\"inLanguage\":\"fr-FR\",\"potentialAction\":[{\"@type\":\"ReadAction\",\"target\":[\"https:\\\/\\\/ebba95.fr\\\/wp\\\/messages-2025\\\/\"]}]},{\"@type\":\"ImageObject\",\"inLanguage\":\"fr-FR\",\"@id\":\"https:\\\/\\\/ebba95.fr\\\/wp\\\/messages-2025\\\/#primaryimage\",\"url\":\"https:\\\/\\\/ebba95.fr\\\/wp\\\/wp-content\\\/uploads\\\/2024\\\/09\\\/mountain-peak-8289759_1280.jpg\",\"contentUrl\":\"https:\\\/\\\/ebba95.fr\\\/wp\\\/wp-content\\\/uploads\\\/2024\\\/09\\\/mountain-peak-8289759_1280.jpg\",\"width\":1280,\"height\":878},{\"@type\":\"WebSite\",\"@id\":\"https:\\\/\\\/ebba95.fr\\\/wp\\\/#website\",\"url\":\"https:\\\/\\\/ebba95.fr\\\/wp\\\/\",\"name\":\"EGLISE BIBLIQUE BAPTISTE D'ARGENTEUIL\",\"description\":\"Planet Earth Generic Website Template\",\"publisher\":{\"@id\":\"https:\\\/\\\/ebba95.fr\\\/wp\\\/#organization\"},\"potentialAction\":[{\"@type\":\"SearchAction\",\"target\":{\"@type\":\"EntryPoint\",\"urlTemplate\":\"https:\\\/\\\/ebba95.fr\\\/wp\\\/?s={search_term_string}\"},\"query-input\":{\"@type\":\"PropertyValueSpecification\",\"valueRequired\":true,\"valueName\":\"search_term_string\"}}],\"inLanguage\":\"fr-FR\"},{\"@type\":\"Organization\",\"@id\":\"https:\\\/\\\/ebba95.fr\\\/wp\\\/#organization\",\"name\":\"EGLISE BIBLIQUE BAPTISTE D'ARGENTEUIL\",\"url\":\"https:\\\/\\\/ebba95.fr\\\/wp\\\/\",\"logo\":{\"@type\":\"ImageObject\",\"inLanguage\":\"fr-FR\",\"@id\":\"https:\\\/\\\/ebba95.fr\\\/wp\\\/#\\\/schema\\\/logo\\\/image\\\/\",\"url\":\"https:\\\/\\\/ebba95.fr\\\/wp\\\/wp-content\\\/uploads\\\/2023\\\/02\\\/IMG_1856-scaled.jpg\",\"contentUrl\":\"https:\\\/\\\/ebba95.fr\\\/wp\\\/wp-content\\\/uploads\\\/2023\\\/02\\\/IMG_1856-scaled.jpg\",\"width\":2560,\"height\":1920,\"caption\":\"EGLISE BIBLIQUE BAPTISTE D'ARGENTEUIL\"},\"image\":{\"@id\":\"https:\\\/\\\/ebba95.fr\\\/wp\\\/#\\\/schema\\\/logo\\\/image\\\/\"}}]}<\/script>\n<!-- \/ Yoast SEO plugin. -->","yoast_head_json":{"title":"Messages 2025 - EGLISE BIBLIQUE BAPTISTE D&#039;ARGENTEUIL","robots":{"index":"index","follow":"follow","max-snippet":"max-snippet:-1","max-image-preview":"max-image-preview:large","max-video-preview":"max-video-preview:-1"},"canonical":"https:\/\/ebba95.fr\/wp\/messages-2025\/","og_locale":"fr_FR","og_type":"article","og_title":"Messages 2025 - EGLISE BIBLIQUE BAPTISTE D&#039;ARGENTEUIL","og_description":". Messages de la Parole de Dieu \u00a0 Pour une \u00e9glise en bonne sant\u00e9&#8230; DM. \u00ab\u00a0Je suis le chemin, la v\u00e9rit\u00e9 et la vie..\u00a0\u00bb Jean 14,6&#8230; OA Les 3 \u00a0attitudes de Pierre &#8230; RN La Gr\u00e2ce de Dieu &#8230; OA\u00a0 Le minist\u00e8re de Dieu &#8230; JPE Geths\u00e9man\u00e9&#8230;OA Les pieds dans la poussi\u00e8re et la t\u00eate [&hellip;]","og_url":"https:\/\/ebba95.fr\/wp\/messages-2025\/","og_site_name":"EGLISE BIBLIQUE BAPTISTE D&#039;ARGENTEUIL","article_modified_time":"2025-12-27T18:03:10+00:00","og_image":[{"width":1280,"height":878,"url":"https:\/\/ebba95.fr\/wp\/wp-content\/uploads\/2024\/09\/mountain-peak-8289759_1280.jpg","type":"image\/jpeg"}],"twitter_misc":{"Dur\u00e9e de lecture estim\u00e9e":"1 minute"},"schema":{"@context":"https:\/\/schema.org","@graph":[{"@type":"WebPage","@id":"https:\/\/ebba95.fr\/wp\/messages-2025\/","url":"https:\/\/ebba95.fr\/wp\/messages-2025\/","name":"Messages 2025 - EGLISE BIBLIQUE BAPTISTE D&#039;ARGENTEUIL","isPartOf":{"@id":"https:\/\/ebba95.fr\/wp\/#website"},"primaryImageOfPage":{"@id":"https:\/\/ebba95.fr\/wp\/messages-2025\/#primaryimage"},"image":{"@id":"https:\/\/ebba95.fr\/wp\/messages-2025\/#primaryimage"},"thumbnailUrl":"https:\/\/ebba95.fr\/wp\/wp-content\/uploads\/2024\/09\/mountain-peak-8289759_1280-1024x702.jpg","datePublished":"2024-12-29T16:55:37+00:00","dateModified":"2025-12-27T18:03:10+00:00","inLanguage":"fr-FR","potentialAction":[{"@type":"ReadAction","target":["https:\/\/ebba95.fr\/wp\/messages-2025\/"]}]},{"@type":"ImageObject","inLanguage":"fr-FR","@id":"https:\/\/ebba95.fr\/wp\/messages-2025\/#primaryimage","url":"https:\/\/ebba95.fr\/wp\/wp-content\/uploads\/2024\/09\/mountain-peak-8289759_1280.jpg","contentUrl":"https:\/\/ebba95.fr\/wp\/wp-content\/uploads\/2024\/09\/mountain-peak-8289759_1280.jpg","width":1280,"height":878},{"@type":"WebSite","@id":"https:\/\/ebba95.fr\/wp\/#website","url":"https:\/\/ebba95.fr\/wp\/","name":"EGLISE BIBLIQUE BAPTISTE D'ARGENTEUIL","description":"Planet Earth Generic Website Template","publisher":{"@id":"https:\/\/ebba95.fr\/wp\/#organization"},"potentialAction":[{"@type":"SearchAction","target":{"@type":"EntryPoint","urlTemplate":"https:\/\/ebba95.fr\/wp\/?s={search_term_string}"},"query-input":{"@type":"PropertyValueSpecification","valueRequired":true,"valueName":"search_term_string"}}],"inLanguage":"fr-FR"},{"@type":"Organization","@id":"https:\/\/ebba95.fr\/wp\/#organization","name":"EGLISE BIBLIQUE BAPTISTE D'ARGENTEUIL","url":"https:\/\/ebba95.fr\/wp\/","logo":{"@type":"ImageObject","inLanguage":"fr-FR","@id":"https:\/\/ebba95.fr\/wp\/#\/schema\/logo\/image\/","url":"https:\/\/ebba95.fr\/wp\/wp-content\/uploads\/2023\/02\/IMG_1856-scaled.jpg","contentUrl":"https:\/\/ebba95.fr\/wp\/wp-content\/uploads\/2023\/02\/IMG_1856-scaled.jpg","width":2560,"height":1920,"caption":"EGLISE BIBLIQUE BAPTISTE D'ARGENTEUIL"},"image":{"@id":"https:\/\/ebba95.fr\/wp\/#\/schema\/logo\/image\/"}}]}},"_links":{"self":[{"href":"https:\/\/ebba95.fr\/wp\/wp-json\/wp\/v2\/pages\/2659","targetHints":{"allow":["GET"]}}],"collection":[{"href":"https:\/\/ebba95.fr\/wp\/wp-json\/wp\/v2\/pages"}],"about":[{"href":"https:\/\/ebba95.fr\/wp\/wp-json\/wp\/v2\/types\/page"}],"author":[{"embeddable":true,"href":"https:\/\/ebba95.fr\/wp\/wp-json\/wp\/v2\/users\/3"}],"replies":[{"embeddable":true,"href":"https:\/\/ebba95.fr\/wp\/wp-json\/wp\/v2\/comments?post=2659"}],"version-history":[{"count":47,"href":"https:\/\/ebba95.fr\/wp\/wp-json\/wp\/v2\/pages\/2659\/revisions"}],"predecessor-version":[{"id":2814,"href":"https:\/\/ebba95.fr\/wp\/wp-json\/wp\/v2\/pages\/2659\/revisions\/2814"}],"wp:attachment":[{"href":"https:\/\/ebba95.fr\/wp\/wp-json\/wp\/v2\/media?parent=2659"}],"curies":[{"name":"wp","href":"https:\/\/api.w.org\/{rel}","templated":true}]}}